{"id":481,"date":"2024-10-17T16:25:21","date_gmt":"2024-10-17T14:25:21","guid":{"rendered":"https:\/\/www.monodorant.com\/?post_type=product&amp;p=454"},"modified":"2025-02-14T18:44:11","modified_gmt":"2025-02-14T17:44:11","slug":"obsession-3","status":"publish","type":"product","link":"https:\/\/www.frishop.fr\/index.php\/produit\/obsession-3\/","title":{"rendered":"OBSESSION"},"content":{"rendered":"<p><b>UN PARFUM R\u00c9VOLUTIONNAIRE ET EXTR\u00caMEMENT SENSUEL<\/b><\/p>\n<p><b>OBSESSION<\/b>\u00a0de\u00a0<b>Calvin Klein<\/b>\u00a0est une eau de parfum pour femme de la famille olfactive Orientale Bois\u00e9e. Cette fragrance existe d\u00e9j\u00e0 depuis plus de trois d\u00e9cennies, et provoqua une v\u00e9ritable r\u00e9volution dans le monde de la parfumerie dans les ann\u00e9es 80, car elle exprimait la facette la plus intense et sensuelle de son ar\u00f4me.<\/p>\n<p>Ce parfum fut cr\u00e9\u00e9 en 1985 par Jean Guichard, y profilant une femme passionnelle et ardente, se laissant porter par le d\u00e9sir et l\u2019instinct. Obsession est dot\u00e9 d\u2019une incroyable densit\u00e9 aromatique, \u00e9tant l\u2019une des fragrances les plus durables sur la peau au monde, gr\u00e2ce \u00e0 la puissance olfactive et \u00e0 la distillation de ses ingr\u00e9dients.<\/p>\n<p>Son saisissant sillage sublime son puissant accord ambr\u00e9, ses composants ayant \u00e9t\u00e9 travaill\u00e9s strat\u00e9giquement autour de cette note, l\u2019ambre. Les notes florales comme la fleur d\u2019oranger, le jasmin et la rose exploitent son c\u00f4t\u00e9 le plus venimeux et magn\u00e9tique, alors que la mousse de ch\u00eane et la douce vanille accentuent sa facette plus sexy et s\u00e9ductrice.<\/p>\n<p><b>FEMMES MATURES<\/b>. Cette fragrance s\u2019adresse \u00e0 des femmes m\u00fbres, form\u00e9es et exp\u00e9riment\u00e9es, d\u00e9sireuses d\u2019\u00eatre le centre d\u2019int\u00e9r\u00eat et de sublimer \u00e0 l\u2019extr\u00eame leur sensualit\u00e9.<\/p>\n<p><b>CLASSIQUE DE LA PARFUMERIE<\/b>. Obsession est l\u2019un des parfums les plus anciens de Calvin Klein, un grand classique dans le secteur f\u00e9minin de la parfumerie, qui demeure parmi les meilleurs parfums classiques, gr\u00e2ce \u00e0 sa composition sublime.<\/p>\n<p><b>MOTS DU PARFUMEUR<\/b>. Apr\u00e8s sa cr\u00e9ation, le nez cr\u00e9ateur de cette essence proclamait que \u2018ce parfum \u00e9tait destin\u00e9 \u00e0 manifester l\u2019essence de l\u2019obsession pour la chair\u2019, devenant clairement la nouvelle d\u00e9finition du mot sexy.<\/p>\n","protected":false},"excerpt":{"rendered":"<p>UN PARFUM R\u00c9VOLUTIONNAIRE ET EXTR\u00caMEMENT SENSUEL OBSESSION\u00a0de\u00a0Calvin Klein\u00a0est une eau de parfum pour femme de la famille olfactive Orientale Bois\u00e9e. Cette fragrance existe d\u00e9j\u00e0 depuis plus de trois d\u00e9cennies, et provoqua une v\u00e9ritable r\u00e9volution dans le monde de la parfumerie dans les ann\u00e9es 80, car elle exprimait la facette la plus intense et sensuelle de [&hellip;]<\/p>\n","protected":false},"featured_media":404,"comment_status":"open","ping_status":"closed","template":"","meta":{"content-type":"","ocean_post_layout":"","ocean_both_sidebars_style":"","ocean_both_sidebars_content_width":0,"ocean_both_sidebars_sidebars_width":0,"ocean_sidebar":"0","ocean_second_sidebar":"0","ocean_disable_margins":"enable","ocean_add_body_class":"","ocean_shortcode_before_top_bar":"","ocean_shortcode_after_top_bar":"","ocean_shortcode_before_header":"","ocean_shortcode_after_header":"","ocean_has_shortcode":"","ocean_shortcode_after_title":"","ocean_shortcode_before_footer_widgets":"","ocean_shortcode_after_footer_widgets":"","ocean_shortcode_before_footer_bottom":"","ocean_shortcode_after_footer_bottom":"","ocean_display_top_bar":"default","ocean_display_header":"default","ocean_header_style":"","ocean_center_header_left_menu":"0","ocean_custom_header_template":"0","ocean_custom_logo":0,"ocean_custom_retina_logo":0,"ocean_custom_logo_max_width":0,"ocean_custom_logo_tablet_max_width":0,"ocean_custom_logo_mobile_max_width":0,"ocean_custom_logo_max_height":0,"ocean_custom_logo_tablet_max_height":0,"ocean_custom_logo_mobile_max_height":0,"ocean_header_custom_menu":"0","ocean_menu_typo_font_family":"0","ocean_menu_typo_font_subset":"","ocean_menu_typo_font_size":0,"ocean_menu_typo_font_size_tablet":0,"ocean_menu_typo_font_size_mobile":0,"ocean_menu_typo_font_size_unit":"px","ocean_menu_typo_font_weight":"","ocean_menu_typo_font_weight_tablet":"","ocean_menu_typo_font_weight_mobile":"","ocean_menu_typo_transform":"","ocean_menu_typo_transform_tablet":"","ocean_menu_typo_transform_mobile":"","ocean_menu_typo_line_height":0,"ocean_menu_typo_line_height_tablet":0,"ocean_menu_typo_line_height_mobile":0,"ocean_menu_typo_line_height_unit":"","ocean_menu_typo_spacing":0,"ocean_menu_typo_spacing_tablet":0,"ocean_menu_typo_spacing_mobile":0,"ocean_menu_typo_spacing_unit":"","ocean_menu_link_color":"","ocean_menu_link_color_hover":"","ocean_menu_link_color_active":"","ocean_menu_link_background":"","ocean_menu_link_hover_background":"","ocean_menu_link_active_background":"","ocean_menu_social_links_bg":"","ocean_menu_social_hover_links_bg":"","ocean_menu_social_links_color":"","ocean_menu_social_hover_links_color":"","ocean_disable_title":"default","ocean_disable_heading":"default","ocean_post_title":"","ocean_post_subheading":"","ocean_post_title_style":"","ocean_post_title_background_color":"","ocean_post_title_background":0,"ocean_post_title_bg_image_position":"","ocean_post_title_bg_image_attachment":"","ocean_post_title_bg_image_repeat":"","ocean_post_title_bg_image_size":"","ocean_post_title_height":0,"ocean_post_title_bg_overlay":0.5,"ocean_post_title_bg_overlay_color":"","ocean_disable_breadcrumbs":"default","ocean_breadcrumbs_color":"","ocean_breadcrumbs_separator_color":"","ocean_breadcrumbs_links_color":"","ocean_breadcrumbs_links_hover_color":"","ocean_display_footer_widgets":"default","ocean_display_footer_bottom":"default","ocean_custom_footer_template":"0","ofc_enable_fullscreen":"disable","ofc_fullscreen_speed":0,"ofc_fullscreen_nav":"enable","ofc_fullscreen_nav_pos":"right","ofc_fullscreen_nav_color":"","ofc_fullscreen_nav_tooltip_color":"","ofc_fullscreen_responsive":0,"osh_disable_topbar_sticky":"default","osh_disable_header_sticky":"default","osh_sticky_header_style":"default","osh_sticky_header_effect":"","osh_custom_sticky_logo":0,"osh_custom_retina_sticky_logo":0,"osh_custom_sticky_logo_height":0,"osh_background_color":"","osh_links_color":"","osh_links_hover_color":"","osh_links_active_color":"","osh_links_bg_color":"","osh_links_hover_bg_color":"","osh_links_active_bg_color":"","osh_menu_social_links_color":"","osh_menu_social_hover_links_color":""},"product_brand":[],"product_cat":[18],"product_tag":[],"class_list":{"0":"post-481","1":"product","2":"type-product","3":"status-publish","4":"has-post-thumbnail","6":"product_cat-non-classe","8":"entry","9":"has-media","11":"first","12":"outofstock","13":"sale","14":"shipping-taxable","15":"purchasable","16":"product-type-variable","17":"has-default-attributes","18":"has-product-nav","19":"col","20":"span_1_of_4","21":"owp-content-center","22":"item-entry","23":"owp-thumbs-layout-horizontal","24":"owp-btn-big","25":"owp-tabs-layout-horizontal"},"jetpack_sharing_enabled":true,"_links":{"self":[{"href":"https:\/\/www.frishop.fr\/index.php\/wp-json\/wp\/v2\/product\/481","targetHints":{"allow":["GET"]}}],"collection":[{"href":"https:\/\/www.frishop.fr\/index.php\/wp-json\/wp\/v2\/product"}],"about":[{"href":"https:\/\/www.frishop.fr\/index.php\/wp-json\/wp\/v2\/types\/product"}],"replies":[{"embeddable":true,"href":"https:\/\/www.frishop.fr\/index.php\/wp-json\/wp\/v2\/comments?post=481"}],"wp:featuredmedia":[{"embeddable":true,"href":"https:\/\/www.frishop.fr\/index.php\/wp-json\/wp\/v2\/media\/404"}],"wp:attachment":[{"href":"https:\/\/www.frishop.fr\/index.php\/wp-json\/wp\/v2\/media?parent=481"}],"wp:term":[{"taxonomy":"product_brand","embeddable":true,"href":"https:\/\/www.frishop.fr\/index.php\/wp-json\/wp\/v2\/product_brand?post=481"},{"taxonomy":"product_cat","embeddable":true,"href":"https:\/\/www.frishop.fr\/index.php\/wp-json\/wp\/v2\/product_cat?post=481"},{"taxonomy":"product_tag","embeddable":true,"href":"https:\/\/www.frishop.fr\/index.php\/wp-json\/wp\/v2\/product_tag?post=481"}],"curies":[{"name":"wp","href":"https:\/\/api.w.org\/{rel}","templated":true}]}}