{"id":3,"date":"2025-02-12T18:51:25","date_gmt":"2025-02-12T17:51:25","guid":{"rendered":"http:\/\/frishop.fr\/?page_id=3"},"modified":"2025-02-16T20:13:42","modified_gmt":"2025-02-16T19:13:42","slug":"politique-de-confidentialite","status":"publish","type":"page","link":"https:\/\/www.frishop.fr\/index.php\/politique-de-confidentialite\/","title":{"rendered":"Politique de confidentialit\u00e9"},"content":{"rendered":"\t\t<div data-elementor-type=\"wp-page\" data-elementor-id=\"3\" class=\"elementor elementor-3\">\n\t\t\t\t<div class=\"elementor-element elementor-element-5a7bf66d e-flex e-con-boxed e-con e-parent\" data-id=\"5a7bf66d\" data-element_type=\"container\">\n\t\t\t\t\t<div class=\"e-con-inner\">\n\t\t\t\t<div class=\"elementor-element elementor-element-757b262 elementor-widget elementor-widget-text-editor\" data-id=\"757b262\" data-element_type=\"widget\" data-widget_type=\"text-editor.default\">\n\t\t\t\t<div class=\"elementor-widget-container\">\n\t\t\t\t\t\t\t\t\t<h2 data-start=\"168\" data-end=\"197\"><strong data-start=\"171\" data-end=\"195\">1. Qui sommes-nous ?<\/strong><\/h2>\n<p data-start=\"198\" data-end=\"411\">L\u2019adresse de notre site est : <strong data-start=\"229\" data-end=\"250\"><a href=\"http:\/\/frishop.fr\/\" target=\"_new\" rel=\"noopener\">https:\/\/www.frishop.fr<\/a><\/strong><br data-start=\"252\" data-end=\"255\">Nous sommes une boutique en ligne sp\u00e9cialis\u00e9e dans la vente de produits cosm\u00e9tiques. La protection de vos donn\u00e9es personnelles est une priorit\u00e9 pour nous.<\/p>\n<h2 data-start=\"413\" data-end=\"473\"><strong data-start=\"416\" data-end=\"471\">2. Collecte et utilisation des donn\u00e9es personnelles<\/strong><\/h2>\n<h3 data-start=\"475\" data-end=\"497\"><strong data-start=\"479\" data-end=\"495\">Commentaires<\/strong><\/h3>\n<p data-start=\"498\" data-end=\"741\">Lorsque vous laissez un commentaire sur notre site, nous collectons les donn\u00e9es saisies dans le formulaire de commentaire, ainsi que votre adresse IP et l\u2019agent utilisateur de votre navigateur, afin de d\u00e9tecter les commentaires ind\u00e9sirables.<\/p>\n<p data-start=\"743\" data-end=\"1105\">Une cha\u00eene anonymis\u00e9e (hash) g\u00e9n\u00e9r\u00e9e \u00e0 partir de votre adresse e-mail peut \u00eatre transmise au service Gravatar pour v\u00e9rifier si vous utilisez ce dernier. Vous pouvez consulter la politique de confidentialit\u00e9 de Gravatar ici : [<strong data-start=\"969\" data-end=\"1004\"><a href=\"https:\/\/automattic.com\/privacy\/\" target=\"_new\" rel=\"noopener\">https:\/\/automattic.com\/privacy\/<\/a><\/strong>].<br data-start=\"1006\" data-end=\"1009\">Apr\u00e8s validation, votre photo de profil sera visible publiquement \u00e0 c\u00f4t\u00e9 de votre commentaire.<\/p>\n<h3 data-start=\"1107\" data-end=\"1123\"><strong data-start=\"1111\" data-end=\"1121\">M\u00e9dias<\/strong><\/h3>\n<p data-start=\"1124\" data-end=\"1329\">Si vous t\u00e9l\u00e9versez des images sur notre site, nous vous recommandons d\u2019\u00e9viter d\u2019inclure des donn\u00e9es EXIF contenant des coordonn\u00e9es GPS. Les visiteurs du site peuvent potentiellement extraire ces donn\u00e9es.<\/p>\n<h2 data-start=\"1331\" data-end=\"1350\"><strong data-start=\"1334\" data-end=\"1348\">3. Cookies<\/strong><\/h2>\n<h3 data-start=\"1352\" data-end=\"1399\"><strong data-start=\"1356\" data-end=\"1397\">Pourquoi utilisons-nous des cookies ?<\/strong><\/h3>\n<p data-start=\"1400\" data-end=\"1503\">Les cookies sont des fichiers stock\u00e9s sur votre appareil pour am\u00e9liorer votre exp\u00e9rience utilisateur.<\/p>\n<ul data-start=\"1505\" data-end=\"2131\">\n<li data-start=\"1505\" data-end=\"1726\"><strong data-start=\"1507\" data-end=\"1525\">Commentaires :<\/strong> Lorsque vous laissez un commentaire, vous pouvez choisir d\u2019enregistrer votre nom, adresse e-mail et site web dans des cookies pour faciliter vos prochaines visites. Ces cookies expirent apr\u00e8s un an.<\/li>\n<li data-start=\"1727\" data-end=\"1933\"><strong data-start=\"1729\" data-end=\"1744\">Connexion :<\/strong> Un cookie temporaire est cr\u00e9\u00e9 lors de votre visite sur la page de connexion pour d\u00e9terminer si votre navigateur accepte les cookies. Il est supprim\u00e9 d\u00e8s la fermeture de votre navigateur.<\/li>\n<li data-start=\"1934\" data-end=\"2131\"><strong data-start=\"1936\" data-end=\"1965\">Pr\u00e9f\u00e9rences utilisateur :<\/strong> Des cookies sont utilis\u00e9s pour enregistrer vos param\u00e8tres d\u2019affichage et vos informations de connexion. La dur\u00e9e de vie de ces cookies varie de deux jours \u00e0 un an.<\/li>\n<\/ul>\n<h3 data-start=\"2133\" data-end=\"2175\"><strong data-start=\"2137\" data-end=\"2173\">G\u00e9rer vos pr\u00e9f\u00e9rences de cookies<\/strong><\/h3>\n<p data-start=\"2176\" data-end=\"2342\">Vous pouvez configurer votre navigateur pour bloquer ou supprimer les cookies \u00e0 tout moment. Toutefois, certaines fonctionnalit\u00e9s du site pourraient \u00eatre affect\u00e9es.<\/p>\n<h2 data-start=\"2344\" data-end=\"2394\"><strong data-start=\"2347\" data-end=\"2392\">4. Contenu embarqu\u00e9 depuis d\u2019autres sites<\/strong><\/h2>\n<p data-start=\"2395\" data-end=\"2570\">Nos pages peuvent inclure des contenus int\u00e9gr\u00e9s (vid\u00e9os, images, articles, etc.). Ce contenu se comporte de la m\u00eame mani\u00e8re que si vous visitiez directement ces sites tiers.<\/p>\n<p data-start=\"2572\" data-end=\"2746\">Ces sites peuvent collecter vos donn\u00e9es, utiliser des cookies et inclure des outils de suivi tiers. Nous vous recommandons de consulter leurs politiques de confidentialit\u00e9.<\/p>\n<h2 data-start=\"2748\" data-end=\"2815\"><strong data-start=\"2751\" data-end=\"2813\">5. Utilisation et transmission de vos donn\u00e9es personnelles<\/strong><\/h2>\n<p data-start=\"2816\" data-end=\"2966\">Si vous demandez une r\u00e9initialisation de mot de passe, votre adresse IP sera incluse dans l\u2019e-mail de r\u00e9initialisation pour des raisons de s\u00e9curit\u00e9.<\/p>\n<h2 data-start=\"2968\" data-end=\"3016\"><strong data-start=\"2971\" data-end=\"3014\">6. Dur\u00e9e de conservation de vos donn\u00e9es<\/strong><\/h2>\n<ul data-start=\"3017\" data-end=\"3358\">\n<li data-start=\"3017\" data-end=\"3135\"><strong data-start=\"3019\" data-end=\"3037\">Commentaires :<\/strong> Conserv\u00e9s ind\u00e9finiment pour permettre la reconnaissance automatique des commentaires approuv\u00e9s.<\/li>\n<li data-start=\"3136\" data-end=\"3358\"><strong data-start=\"3138\" data-end=\"3164\">Comptes utilisateurs :<\/strong> Pour les utilisateurs inscrits, nous stockons les informations personnelles figurant dans leur profil. Vous pouvez les consulter, modifier ou supprimer \u00e0 tout moment (sauf votre identifiant).<\/li>\n<\/ul>\n<h2 data-start=\"3360\" data-end=\"3411\"><strong data-start=\"3363\" data-end=\"3409\">7. Vos droits sur vos donn\u00e9es personnelles<\/strong><\/h2>\n<p data-start=\"3412\" data-end=\"3718\">Si vous poss\u00e9dez un compte ou avez laiss\u00e9 des commentaires, vous pouvez demander un fichier contenant toutes les donn\u00e9es personnelles que nous poss\u00e9dons \u00e0 votre sujet. Vous pouvez \u00e9galement demander la suppression de vos donn\u00e9es personnelles, sauf celles conserv\u00e9es \u00e0 des fins l\u00e9gales ou administratives.<\/p>\n<h2 data-start=\"3720\" data-end=\"3772\"><strong data-start=\"3723\" data-end=\"3770\">8. Transmission de vos donn\u00e9es personnelles<\/strong><\/h2>\n<p data-start=\"3773\" data-end=\"3884\">Les commentaires des visiteurs peuvent \u00eatre v\u00e9rifi\u00e9s \u00e0 l\u2019aide d\u2019un service automatis\u00e9 de d\u00e9tection des spams.<\/p>\n<h2 data-start=\"3886\" data-end=\"3905\"><strong data-start=\"3889\" data-end=\"3903\">9. Contact<\/strong><\/h2>\n<p data-start=\"3906\" data-end=\"4074\">Pour toute question relative \u00e0 notre politique de confidentialit\u00e9, vous pouvez nous contacter \u00e0 l\u2019adresse suivante : contact@frishop.fr<\/p>\n<p><!-- \/wp:paragraph --><\/p>\t\t\t\t\t\t\t\t<\/div>\n\t\t\t\t<\/div>\n\t\t\t\t\t<\/div>\n\t\t\t\t<\/div>\n\t\t\t\t<\/div>\n\t\t","protected":false},"excerpt":{"rendered":"<p>1. Qui sommes-nous ? L\u2019adresse de notre site est : https:\/\/www.frishop.frNous sommes une boutique en ligne sp\u00e9cialis\u00e9e dans la vente de produits cosm\u00e9tiques. La protection de vos donn\u00e9es personnelles est une priorit\u00e9 pour nous. 2. Collecte et utilisation des donn\u00e9es personnelles Commentaires Lorsque vous laissez un commentaire sur notre site, nous collectons les donn\u00e9es saisies [&hellip;]<\/p>\n","protected":false},"author":1,"featured_media":0,"parent":0,"menu_order":0,"comment_status":"closed","ping_status":"open","template":"","meta":{"content-type":"","ocean_post_layout":"","ocean_both_sidebars_style":"","ocean_both_sidebars_content_width":0,"ocean_both_sidebars_sidebars_width":0,"ocean_sidebar":"","ocean_second_sidebar":"","ocean_disable_margins":"enable","ocean_add_body_class":"","ocean_shortcode_before_top_bar":"","ocean_shortcode_after_top_bar":"","ocean_shortcode_before_header":"","ocean_shortcode_after_header":"","ocean_has_shortcode":"","ocean_shortcode_after_title":"","ocean_shortcode_before_footer_widgets":"","ocean_shortcode_after_footer_widgets":"","ocean_shortcode_before_footer_bottom":"","ocean_shortcode_after_footer_bottom":"","ocean_display_top_bar":"default","ocean_display_header":"default","ocean_header_style":"","ocean_center_header_left_menu":"","ocean_custom_header_template":"","ocean_custom_logo":0,"ocean_custom_retina_logo":0,"ocean_custom_logo_max_width":0,"ocean_custom_logo_tablet_max_width":0,"ocean_custom_logo_mobile_max_width":0,"ocean_custom_logo_max_height":0,"ocean_custom_logo_tablet_max_height":0,"ocean_custom_logo_mobile_max_height":0,"ocean_header_custom_menu":"","ocean_menu_typo_font_family":"","ocean_menu_typo_font_subset":"","ocean_menu_typo_font_size":0,"ocean_menu_typo_font_size_tablet":0,"ocean_menu_typo_font_size_mobile":0,"ocean_menu_typo_font_size_unit":"px","ocean_menu_typo_font_weight":"","ocean_menu_typo_font_weight_tablet":"","ocean_menu_typo_font_weight_mobile":"","ocean_menu_typo_transform":"","ocean_menu_typo_transform_tablet":"","ocean_menu_typo_transform_mobile":"","ocean_menu_typo_line_height":0,"ocean_menu_typo_line_height_tablet":0,"ocean_menu_typo_line_height_mobile":0,"ocean_menu_typo_line_height_unit":"","ocean_menu_typo_spacing":0,"ocean_menu_typo_spacing_tablet":0,"ocean_menu_typo_spacing_mobile":0,"ocean_menu_typo_spacing_unit":"","ocean_menu_link_color":"","ocean_menu_link_color_hover":"","ocean_menu_link_color_active":"","ocean_menu_link_background":"","ocean_menu_link_hover_background":"","ocean_menu_link_active_background":"","ocean_menu_social_links_bg":"","ocean_menu_social_hover_links_bg":"","ocean_menu_social_links_color":"","ocean_menu_social_hover_links_color":"","ocean_disable_title":"default","ocean_disable_heading":"default","ocean_post_title":"","ocean_post_subheading":"","ocean_post_title_style":"","ocean_post_title_background_color":"","ocean_post_title_background":0,"ocean_post_title_bg_image_position":"","ocean_post_title_bg_image_attachment":"","ocean_post_title_bg_image_repeat":"","ocean_post_title_bg_image_size":"","ocean_post_title_height":0,"ocean_post_title_bg_overlay":0.5,"ocean_post_title_bg_overlay_color":"","ocean_disable_breadcrumbs":"default","ocean_breadcrumbs_color":"","ocean_breadcrumbs_separator_color":"","ocean_breadcrumbs_links_color":"","ocean_breadcrumbs_links_hover_color":"","ocean_display_footer_widgets":"default","ocean_display_footer_bottom":"default","ocean_custom_footer_template":"","ofc_enable_fullscreen":"disable","ofc_fullscreen_speed":0,"ofc_fullscreen_nav":"enable","ofc_fullscreen_nav_pos":"right","ofc_fullscreen_nav_color":"","ofc_fullscreen_nav_tooltip_color":"","ofc_fullscreen_responsive":0,"osh_disable_topbar_sticky":"default","osh_disable_header_sticky":"default","osh_sticky_header_style":"default","osh_sticky_header_effect":"","osh_custom_sticky_logo":0,"osh_custom_retina_sticky_logo":0,"osh_custom_sticky_logo_height":0,"osh_background_color":"","osh_links_color":"","osh_links_hover_color":"","osh_links_active_color":"","osh_links_bg_color":"","osh_links_hover_bg_color":"","osh_links_active_bg_color":"","osh_menu_social_links_color":"","osh_menu_social_hover_links_color":"","footnotes":""},"class_list":["post-3","page","type-page","status-publish","hentry","entry","owp-thumbs-layout-horizontal","owp-btn-big","owp-tabs-layout-horizontal","has-no-thumbnails","has-product-nav"],"jetpack_sharing_enabled":true,"_links":{"self":[{"href":"https:\/\/www.frishop.fr\/index.php\/wp-json\/wp\/v2\/pages\/3","targetHints":{"allow":["GET"]}}],"collection":[{"href":"https:\/\/www.frishop.fr\/index.php\/wp-json\/wp\/v2\/pages"}],"about":[{"href":"https:\/\/www.frishop.fr\/index.php\/wp-json\/wp\/v2\/types\/page"}],"author":[{"embeddable":true,"href":"https:\/\/www.frishop.fr\/index.php\/wp-json\/wp\/v2\/users\/1"}],"replies":[{"embeddable":true,"href":"https:\/\/www.frishop.fr\/index.php\/wp-json\/wp\/v2\/comments?post=3"}],"version-history":[{"count":6,"href":"https:\/\/www.frishop.fr\/index.php\/wp-json\/wp\/v2\/pages\/3\/revisions"}],"predecessor-version":[{"id":577,"href":"https:\/\/www.frishop.fr\/index.php\/wp-json\/wp\/v2\/pages\/3\/revisions\/577"}],"wp:attachment":[{"href":"https:\/\/www.frishop.fr\/index.php\/wp-json\/wp\/v2\/media?parent=3"}],"curies":[{"name":"wp","href":"https:\/\/api.w.org\/{rel}","templated":true}]}}